{"id":109,"date":"2018-12-02T18:15:47","date_gmt":"2018-12-02T17:15:47","guid":{"rendered":"http:\/\/64wa.de\/blog2\/?page_id=109"},"modified":"2025-07-07T12:48:50","modified_gmt":"2025-07-07T10:48:50","slug":"impressum","status":"publish","type":"page","link":"http:\/\/64wa.de\/blog2\/impressum\/","title":{"rendered":"Impressum"},"content":{"rendered":"<p>Dieses Impressum gilt f\u00fcr unsere Webseiten (u.a. www.64wa.de, www.pirnawa.de) und unsere Profile auf Sozialen Netzwerken (u.a. Instagram, Facebook, Pinterest).<\/p>\n<p>Olaf Watzke<br \/>\nPostweg 13<br \/>\n01796 Pirna<\/p>\n<p><strong>Kontakt:<\/strong><br \/>\nTelefon: +49 179 900 57 38<br \/>\nE-Mail: olaf-watzke (at) web.de<\/p>\n<p><strong>Verantwortlich f\u00fcr den Inhalt nach \u00a7 55 Abs. 2 RStV:<\/strong><br \/>\nOlaf Watzke<\/p>\n<h2 class=\"auto-style3\">Disclaimer<\/h2>\n<p><span class=\"auto-style3\">Haftung f\u00fcr Inhalte unserer Websites<\/span><br class=\"auto-style3\" \/><br class=\"auto-style3\" \/><span class=\"auto-style3\">Die Inhalte unserer Seiten wurden mit gr\u00f6\u00dfter Sorgfalt erstellt. F\u00fcr die Richtigkeit, Vollst\u00e4ndigkeit und Aktualit\u00e4t der Inhalte k\u00f6nnen wir jedoch keine Gew\u00e4hr \u00fcbernehmen. Nach \u00a7 7 Abs.1 Telemediengesetz (TMG) sind wir als Diensteanbieter f\u00fcr eigene Inhalte auf diesen Internetseiten im Rahmen der allgemeinen Gesetze verantwortlich. Gem\u00e4\u00df den \u00a7\u00a7 8 bis 10 TMG haben wir als Diensteanbieter allerdings nicht die Pflicht, \u00fcbermittelte oder gespeicherte fremde Informationen zu \u00fcberwachen oder nach Hinweisen auf rechtswidrige T\u00e4tigkeiten zu suchen. Gesetzliche Verpflichtungen zur Entfernung oder Sperrung von Inhalten oder Informationen oder zur Sperrung von Nutzungsm\u00f6glichkeiten unseres Internetauftritts sind davon ausgenommen. Eine Haftung kann jedoch erst von dem Zeitpunkt an eintreten, zu dem wir von einer konkreten Rechtsverletzung Kenntnis erhalten haben. Sobald wir von einer Rechtsverletzung im Rahmen unseres Internetangebotes erfahren, werden wir die entsprechenden Inhalte umgehend entfernen.\u00a0 \u00a0<\/span><br class=\"auto-style3\" \/><br class=\"auto-style3\" \/><span class=\"auto-style3\">Haftung f\u00fcr Links<\/span><br class=\"auto-style3\" \/><br class=\"auto-style3\" \/><span class=\"auto-style3\">Unser Internetangebot enth\u00e4lt Links zu externen Websites Dritter. Wir weisen ausdr\u00fccklich darauf hin, dass wir keinerlei Einfluss auf die Inhalte dieser Websites haben. F\u00fcr die Inhalte dieser fremden Internetseiten k\u00f6nnen wir dementsprechend keinerlei Haftung oder Gew\u00e4hr \u00fcbernehmen. Verantwortlich ist deren jeweiliger Anbieter bzw. Betreiber. Wir haben diese Seiten zum Zeitpunkt der Verlinkung auf m\u00f6gliche Gesetzesverst\u00f6\u00dfe gepr\u00fcft und keine rechtswidrigen Inhalte gefunden. Eine st\u00e4ndige Kontrolle verlinkter Seiten ist jedoch nicht m\u00f6glich. Eine \u00dcberpr\u00fcfung kann allenfalls bei Vorliegen konkreter Hinweise auf eine Rechtsverletzung stattfinden. Erfahren wir von einer Rechtsverletzung auf den verlinkten Seiten, werden wir den entsprechenden Link umgehend von unserer Website entfernen. <\/span> <br class=\"auto-style3\" \/><br class=\"auto-style3\" \/><span class=\"auto-style3\">Urheberrecht<\/span><br class=\"auto-style3\" \/><br class=\"auto-style3\" \/><span class=\"auto-style3\">F\u00fcr die auf unseren Internetseiten ver\u00f6ffentlichten Inhalte und Werke gilt das deutsche Urheberrecht. Jede Vervielf\u00e4ltigung, Bearbeitung, Verbreitung und Verwertung erfordert die schriftliche Zustimmung des jeweiligen Autors oder Erstellers. Downloads und Kopien dieser Seiten sind ausschlie\u00dflich f\u00fcr den privaten, nichtkommerziellen Gebrauch zul\u00e4ssig. \u00a0<\/span><br class=\"auto-style3\" \/><br class=\"auto-style3\" \/><span class=\"auto-style3\">Unsere Seiten k\u00f6nnen Inhalte aufweisen, die nicht vom Betreiber selbst erstellt wurden. Bei diesen Inhalten wurden die Urheberrechte Dritter beachtet. Inhalte, an denen Dritte das Urheberrecht innehaben, sind entsprechend gekennzeichnet. Stellen Sie auf unseren Internetseiten trotzdem einen Urheberrechtsversto\u00df fest, bitten wir, uns dies mitzuteilen. Wir werden den entsprechenden Inhalt dann umgehend von unseren Webseiten entfernen. <\/span><\/p>\n<p class=\"auto-style2\"><span class=\"auto-style3\">\u00a0<\/span><\/p>\n<div class=\"_3bJ2H CHExY\">\n<div class=\"_1l8RX _1ByhS\">Background by <a href=\"https:\/\/unsplash.com\/photos\/xVKEZ9wVIYM?utm_source=unsplash&amp;utm_medium=referral&amp;utm_content=creditCopyText\">Michael Mroczek<\/a> on <a href=\"https:\/\/unsplash.com\/search\/photos\/wood?utm_source=unsplash&amp;utm_medium=referral&amp;utm_content=creditCopyText\">Unsplash<\/a><\/div>\n<\/div>\n","protected":false},"excerpt":{"rendered":"<p>Dieses Impressum gilt f\u00fcr unsere Webseiten (u.a. www.64wa.de, www.pirnawa.de) und unsere Profile auf Sozialen Netzwerken (u.a. Instagram, Facebook, Pinterest). Olaf Watzke Postweg 13 01796 Pirna Kontakt: Telefon: +49 179 900 57 38 E-Mail: olaf-watzke (at) web.de Verantwortlich f\u00fcr den Inhalt &hellip; <a href=\"http:\/\/64wa.de\/blog2\/impressum\/\">Weiterlesen <span class=\"meta-nav\">&rarr;<\/span><\/a><\/p>\n","protected":false},"author":2,"featured_media":0,"parent":0,"menu_order":0,"comment_status":"closed","ping_status":"closed","template":"","meta":{"footnotes":""},"class_list":["post-109","page","type-page","status-publish","hentry"],"_links":{"self":[{"href":"http:\/\/64wa.de\/blog2\/wp-json\/wp\/v2\/pages\/109","targetHints":{"allow":["GET"]}}],"collection":[{"href":"http:\/\/64wa.de\/blog2\/wp-json\/wp\/v2\/pages"}],"about":[{"href":"http:\/\/64wa.de\/blog2\/wp-json\/wp\/v2\/types\/page"}],"author":[{"embeddable":true,"href":"http:\/\/64wa.de\/blog2\/wp-json\/wp\/v2\/users\/2"}],"replies":[{"embeddable":true,"href":"http:\/\/64wa.de\/blog2\/wp-json\/wp\/v2\/comments?post=109"}],"version-history":[{"count":4,"href":"http:\/\/64wa.de\/blog2\/wp-json\/wp\/v2\/pages\/109\/revisions"}],"predecessor-version":[{"id":485,"href":"http:\/\/64wa.de\/blog2\/wp-json\/wp\/v2\/pages\/109\/revisions\/485"}],"wp:attachment":[{"href":"http:\/\/64wa.de\/blog2\/wp-json\/wp\/v2\/media?parent=109"}],"curies":[{"name":"wp","href":"https:\/\/api.w.org\/{rel}","templated":true}]}}